{"id":162,"date":"2023-04-04T14:14:25","date_gmt":"2023-04-04T14:14:25","guid":{"rendered":"https:\/\/www.eliejolliet.ch\/web\/?page_id=162"},"modified":"2026-04-07T00:38:29","modified_gmt":"2026-04-07T00:38:29","slug":"archiv-ab-2023","status":"publish","type":"page","link":"https:\/\/www.eliejolliet.ch\/web\/agenda\/archiv-ab-2023\/","title":{"rendered":"Archiv (ab 2023)"},"content":{"rendered":"\n<p><strong>01.04.2026 | 19:00<\/strong><br>Z\u00fcrich | Stadtkirche St. Peter<br><strong><a href=\"https:\/\/st-peter-zh.ch\/-5\/kalender~2651\/\" target=\"_blank\" rel=\"noreferrer noopener\">Erforsche mich, Gott, und erfahre mein Herz<\/a><\/strong><br>Passionsandacht mit der Kantorei St. Peter. Bachkantate BWV 136<\/p>\n\n\n\n<p><strong>29.03.2026 | 18:30<\/strong><br>Liebefeld | Thomaskirche<br><strong><a href=\"https:\/\/www.eliejolliet.ch\/web\/events\/260329-aus-tiefer-not-schrei-ich-zu-dir\/\" data-type=\"eap_event\" data-id=\"1294\">Aus tiefer Not schrei ich zu dir<\/a><\/strong><br>Orgelmusik zur Passion<\/p>\n\n\n\n<p><strong>08.02.2026 | 17:00<\/strong><br>K\u00f6niz | Reformierte Kirche<br><strong><a href=\"https:\/\/www.eliejolliet.ch\/web\/events\/260208-triosonaten\/\" data-type=\"eap_event\" data-id=\"1293\">Triosonaten<\/a><\/strong><br>&#8222;Int\u00e9grale&#8220; der Bach-Triosonaten zum Jubil\u00e4um der <a href=\"https:\/\/www.kirchenmusik-koenizmitte.ch\/bossart-1781-fueglister-1986-kirche-koeniz\/\" target=\"_blank\" rel=\"noreferrer noopener\">Bossart-Orgel<\/a> in der ref. Kirche K\u00f6niz (40 Jahre Restauration)<\/p>\n\n\n\n<p><strong>30.01.2026 | 18:45<\/strong><br>M\u00fcnsingen | Reformierte Kirche<br><strong><a href=\"https:\/\/www.eliejolliet.ch\/web\/events\/260130-orgelvesper\/\" data-type=\"eap_event\" data-id=\"1151\">Orgelvesper<\/a><\/strong><br>Werke von Buxtehude, van Noordt, Bach u.a.<\/p>\n\n\n\n<p><strong>30.01.2026 | 12:30<\/strong><br>Bern | Heiliggeistkirche<br><strong><a href=\"https:\/\/www.eliejolliet.ch\/web\/events\/260130-zwei-bache-in-der-luft\/\">Zwei B\u00e4che in der Luft<\/a><\/strong><br>Halbst\u00fcndiges Orgelkonzert im Rahmen der Konzertreihe \u00abOrgelpunkt\u00bb<\/p>\n\n\n\n<p><strong>21.12.2025 | 16:00<\/strong><br>Liebefeld | Thomaskirche<br><strong><a href=\"https:\/\/www.eliejolliet.ch\/web\/events\/251221-christmas-oratorio\/\" data-type=\"eap_event\" data-id=\"1186\">Bob Chilcott: Christmas Oratorio<\/a><\/strong><br>Adventsmusik des <a href=\"https:\/\/www.thomaschor.ch\" target=\"_blank\" rel=\"noreferrer noopener\">ThomasChors K\u00f6niz<\/a><\/p>\n\n\n\n<p><strong>14.12.2025 | 18:00<\/strong><br>Kehrsatz | Oekumenisches Zentrum (OEKI)<br><strong><a href=\"https:\/\/www.eliejolliet.ch\/web\/events\/251214-orgelrezital-oeki\/\">Orgelrezital<\/a><\/strong><br>Im Rahmen der Konzertreihe KulturKehrsatz<\/p>\n\n\n\n<p><strong>06.12.2025 | 18:15<\/strong><br>Payerne | Paroissiale<br><strong><a href=\"https:\/\/www.eliejolliet.ch\/web\/events\/251206-von-gott-will-ich-nicht-lassen\/\" data-type=\"eap_event\" data-id=\"1185\">Von Gott will ich nicht lassen<\/a><\/strong><br>R\u00e9cital d&#8217;orgue sur l&#8217;orgue historique Grob\/Ahrend (1787\/1993)<\/p>\n\n\n\n<p><strong>03.12.2025 | 18:30<\/strong><br>Liebefeld | Thomaskirche<br><strong><a href=\"https:\/\/www.eliejolliet.ch\/web\/events\/251203-wie-schoen-leuchtet-der-morgenstern\/\" data-type=\"eap_event\" data-id=\"1184\">Wie sch\u00f6n leuchtet der Morgenstern<\/a><\/strong><br>Orgelmusik im Advent<\/p>\n\n\n\n<p><strong>23.11.2025 | 17:00<\/strong><br>Bern | Pauluskirche<br><strong><a href=\"https:\/\/www.eliejolliet.ch\/web\/events\/251123-actus-tragicus\/\" data-type=\"eap_event\" data-id=\"1162\">Actus tragicus<\/a><\/strong><br>Konzert zum Ewigkeitssonntag, mit dem PaulusChor Bern (Leitung: Lee Stalder)<\/p>\n\n\n\n<p><strong>09.11.2025 | 16:00<\/strong><br>Guggisberg | Kirche<br><strong><a href=\"https:\/\/www.eliejolliet.ch\/web\/events\/251109-orgelkonzert-guggisberg\/\" data-type=\"eap_event\" data-id=\"1136\">Orgelkonzert<\/a><\/strong><br>Musik von Bach, Mendelssohn, Hindemith, The Beatles, Patent Ochsner u.a.<\/p>\n\n\n\n<p><strong>27.09.2025 | 11:30<\/strong><br>Bern | M\u00fcnster<br><strong><a href=\"https:\/\/www.eliejolliet.ch\/web\/events\/250927-orgelmusik-zur-marit-zyt\/\" data-type=\"eap_event\" data-id=\"1132\">Orgelmusik zur M\u00e4rit-Zyt<\/a><\/strong><br>Eine musikalische \u00abVerschnaufpause\u00bb mit Werken von J.S. Bach<\/p>\n\n\n\n<p><strong>14.09.2025 | 17:00<\/strong><br>K\u00f6niz | Reformierte Kirche St. Peter und Paul<br><strong><a href=\"https:\/\/www.eliejolliet.ch\/web\/events\/250914-bach-masterworks\/\" data-type=\"eap_event\" data-id=\"1104\">Bach Masterworks<\/a><\/strong><br>Orgelrezital<\/p>\n\n\n\n<p><strong>19.07.2025 | 12:00<\/strong><br>Berne | \u00c9glise fran\u00e7aise<br><strong><strong><a href=\"https:\/\/www.eliejolliet.ch\/web\/events\/250719-le-tres-long-xixe-siecle\/\" target=\"_blank\" rel=\"noreferrer noopener\">Le tr\u00e8s long XIX<sup>e<\/sup> si\u00e8cle<\/a><\/strong><\/strong><br>Dans le cadre des <em>Estivales 2025<\/em>. \u0152uvres de Franck, Faur\u00e9 et Durufl\u00e9.<\/p>\n\n\n\n<p><strong>04.07.2025 | 19:00\u201324:00<\/strong><br>Lausanne | \u00c9glise Saint-Fran\u00e7ois<br><strong><a href=\"https:\/\/www.eliejolliet.ch\/web\/wp-content\/uploads\/2025\/07\/LesFollesJourneesDeLOrgue_Programmes_Marathon_20250704_V3.pdf\" target=\"_blank\" rel=\"noreferrer noopener\">Marathon de jeunes organistes<\/a><\/strong><br>Dans le cadre du <a href=\"https:\/\/www.organistesromands.ch\/aor100ans\/programme\/\" target=\"_blank\" rel=\"noreferrer noopener\">Centenaire<\/a> de l&#8217;Association des Organistes Romands (AOR)<\/p>\n\n\n\n<p><strong>12.06.2025 | 12:15<\/strong><br>Franckesche Stiftungen, Halle\/Saale (DE) | Englischer Saal<br><strong><a href=\"https:\/\/www.eliejolliet.ch\/web\/events\/250612-auf-auf-my-cloud-mit-freuden-hymnologie-zwischen-gesangbuch-und-datenbank\/\"><em>Auf, auf, my Cloud, mit Freuden<\/em> \u2013 Hymnologie zwischen Gesangbuch&nbsp;und&nbsp;Datenbank<\/a><\/strong><br>Vortrag im Rahmen des Symposiums \u00abDer \u201eFreylinghausen\u201c editorisch neu entdeckt: Wege der Gesangbuchforschung in den Franckeschen Stiftungen\u00bb<\/p>\n\n\n\n<p><strong>16.05.2025 | 19:30<\/strong><br>G\u00fcmligen | Reformierte Kirche<br><strong><a href=\"https:\/\/www.eliejolliet.ch\/web\/events\/250516-von-rossini-bis-morricone\/\">Von Rossini bis Morricone<\/a><\/strong><br>Klangfenster der Reformierten Kirchgemeinde Muri-G\u00fcmligen, mit Orgelmusik zu 4 H\u00e4nden und F\u00fcssen und Musik f\u00fcr Alphorn &amp; Orgel sowie Violine &amp; Orgel<\/p>\n\n\n\n<p><strong>09.05.2025 | 19:30<\/strong><br>Gymnasium Kirchenfeld, Bern | Aula<br><strong><a href=\"https:\/\/www.eliejolliet.ch\/web\/events\/250509-unesco-benefizkonzert-magnificat\/\">UNESCO Benefizkonzert \u00abMagnificat\u00bb<\/a><\/strong><br>u.a. Bach, Magnificat (BWV 243)<\/p>\n\n\n\n<p><strong>08.05.2025 | 19:30<\/strong><br>Gymnasium Kirchenfeld, Bern | Aula<br><strong><a href=\"https:\/\/www.eliejolliet.ch\/web\/events\/250508-unesco-benefizkonzert-magnificat\/\">UNESCO Benefizkonzert \u00abMagnificat\u00bb<\/a><\/strong><br>u.a. Bach, Magnificat (BWV 243)<\/p>\n\n\n\n<p><strong>16.04.2025 | 18:30<\/strong><br>Liebefeld | Thomaskirche<br><strong><a href=\"https:\/\/www.eliejolliet.ch\/web\/events\/250416-rheinbergers-achte\/\">\u00abRheinbergers Achte\u00bb<\/a><\/strong><br>Orgelmusik zur Passion<\/p>\n\n\n\n<p><strong>19.03.2025 | 19:00<\/strong><br>Langenthal | Reformierte Kirche Geissberg<br><strong><a href=\"https:\/\/www.eliejolliet.ch\/web\/events\/250131-orgelrezital\/\" data-type=\"eap_event\" data-id=\"990\">Orgelrezital<\/a><\/strong><br>Orgelrezital im Rahmen der Reihe <em>hora cultura<\/em>. Werke u.a. von J.S. Bach und F.A. Guilmant.<\/p>\n\n\n\n<p><strong>26.01.2025 | 17:00<\/strong><br>K\u00f6niz | Reformierte Kirche St. Peter und Paul<br><strong><a href=\"https:\/\/www.eliejolliet.ch\/web\/wp-content\/uploads\/2025\/01\/250126_Orgelsoiree-MSK.pdf\" target=\"_blank\" rel=\"noreferrer noopener\">Soir\u00e9e &amp; Vorspielstunde von Sch\u00fcler*innen der Musikschule K\u00f6niz<\/a><\/strong><\/p>\n\n\n\n<p><strong>10.01.2025 | 12:30<\/strong><br>Bern | Heiliggeistkirche<br><strong><a href=\"https:\/\/www.eliejolliet.ch\/web\/events\/251005-rheinbergers-achte\/\" data-type=\"eap_event\" data-id=\"924\">Rheinbergers Achte<\/a><\/strong><br>Halbst\u00fcndiges Orgelkonzert mit der 8. Orgelsonate von Rheinberger, im Rahmen der Konzertreihe \u00abOrgelpunkt\u00bb<\/p>\n\n\n\n<p><strong>05.01.2025 | 17:00<\/strong><br>Wohlen bei Bern | reformierte Kirche<br><strong><a href=\"https:\/\/www.eliejolliet.ch\/web\/events\/250105-neujahrsvariationen\/\">Neujahrsvariationen<\/a><\/strong><br>Orgelrezital im Rahmen der Abendmusiken<\/p>\n\n\n\n<p><strong>22.12.2024 | 16:00<\/strong><br>K\u00f6niz | Reformierte Kirche St. Peter und Paul<br><strong><a href=\"https:\/\/www.eliejolliet.ch\/web\/events\/241222-weihnachtsoratorium-von-carl-heinrich-graun\/\">Weihnachtsoratorium von Carl Heinrich Graun<\/a><\/strong><br>Adventsmusik des ThomasChors K\u00f6niz<\/p>\n\n\n\n<p><strong>23.11.2024 | 19:30<\/strong><br><strong>24.11.2024 | 16:00<\/strong><br>Hasle bei Burgdorf | ref. Kirche<br><strong><a href=\"https:\/\/www.eliejolliet.ch\/web\/events\/241123f-konzerte-kirchenchor-hasle\/\">Konzerte Kirchenchor Hasle<\/a><\/strong><br>Werke von G.F. H\u00e4ndel, J.S. Bach und C. Franck<\/p>\n\n\n\n<p><strong>17.11.2024 | 17:00<\/strong><br>Liebefeld | Thomaskirche<br><strong><a href=\"https:\/\/www.eliejolliet.ch\/web\/events\/241117-gulda-extended\/\" data-type=\"eap_event\" data-id=\"818\">Gulda extended<\/a><\/strong><br>Duokonzert mit Christian Spitzenstaetter<\/p>\n\n\n\n<p><strong>13.11.2024 | 19:30<\/strong><br>Bern | Kirchgemeindehaus Nydeggkirche<br><strong><a href=\"https:\/\/www.eliejolliet.ch\/web\/events\/241113-psalmengesang-vortrag-nydegg\/\" data-type=\"eap_event\" data-id=\"889\" target=\"_blank\" rel=\"noreferrer noopener\">Psalmengesang als Schutz vor unverst\u00e4ndlichem Gemurmel, giftigem Wein und kalten Gebeten<\/a><\/strong><br>Vortrag zum Psalmensingen von der Reformation bis heute, mit besonderem Fokus auf die Berner Praxis \u2013 nat\u00fcrlich mit gemeinsamem Singen!<\/p>\n\n\n\n<p><strong>08.11.2024 | 20:00<\/strong><br>Muri bei Bern | reformierte Kirche<br><strong><a href=\"https:\/\/www.eliejolliet.ch\/web\/events\/241108-eine-orgel-geht-fremd\/\">Eine Orgel geht fremd<\/a><\/strong><br>Eine Veranstaltung der Reformierten Kirchgemeinde Muri-G\u00fcmligen<\/p>\n\n\n\n<p><strong>02.11.2024 | 11:30<\/strong><br>Bern | M\u00fcnster<br><strong><a href=\"https:\/\/www.eliejolliet.ch\/web\/events\/241102-orgelmusik-zur-marit-zyt\/\">Orgelmusik zur M\u00e4ritzyt<\/a><\/strong><br>Eine musikalische \u00abVerschnaufpause\u00bb im Berner M\u00fcnster<\/p>\n\n\n\n<p><strong>20.10.2024 | 17:00<\/strong><br>G\u00fcmligen | Reformierte Kirche<br><a href=\"https:\/\/www.eliejolliet.ch\/web\/events\/241020-lungs-amd-pipes\/\" data-type=\"eap_event\" data-id=\"860\"><strong>lungs &amp; pipes<\/strong><\/a><br>mit Christian Spitzenstaetter (Bassklarinette, Bassetthorn und Altsaxophon) und Guido Kunz (Dudelsack &amp; Marimba)<\/p>\n\n\n\n<p><strong>09.09.2024 | 20:15<\/strong><br>Heiligengrabe (DE) | Klosterstiftskirche<br><strong><a href=\"https:\/\/www.eliejolliet.ch\/web\/events\/240909-kleine-orgelmusik-aol-73\/\" data-type=\"eap_event\" data-id=\"1243\">Kleine Orgelmusik<\/a><\/strong><br>im Rahmen der 73. Arbeitstagung der Arbeitsgemeinschaft f\u00fcr \u00f6kumenisches Liedgut im deutschsprachigen Raum (A\u00d6L)<\/p>\n\n\n\n<p><strong>29.08.2024 | 19:00<\/strong><br>Chur | Reformierte Kirche St. Regula<br><strong><a href=\"https:\/\/www.eliejolliet.ch\/web\/wp-content\/uploads\/2024\/08\/240929-vernissage-con-spirito-chur.pdf\" target=\"_blank\" rel=\"noreferrer noopener\">\u00abcon spirito\u00bb \u2013 Vernissage des Gesanghefts der EKS<\/a><\/strong><br>Eine Veranstaltung der Reformierten Kirche Chur, in Zusammenarbeit mit der Lia Rumantscha und der Evangelisch-reformierten Kirche Schweiz (EKS)<\/p>\n\n\n\n<p><strong>25.08.2024 | 17:00<\/strong><br>Liebefeld | Thomaskirche<br><strong><a href=\"https:\/\/www.eliejolliet.ch\/web\/events\/240825-heaven-and-hell\/\" data-type=\"eap_event\" data-id=\"826\">Heaven &amp; Hell<\/a><\/strong><br>Klassiker von (Hard) Rock \u00fcber Funk und Pop zu Filmmusik an der Orgel<\/p>\n\n\n\n<p><strong>21.06.2024 | 20:00<\/strong><br>Bern | Markuskirche<br><a href=\"https:\/\/www.eliejolliet.ch\/web\/events\/240621-die-orgel-geht-fremd\/\" data-type=\"eap_event\" data-id=\"792\"><strong>Die Orgel geht fremd<\/strong><\/a><br>Eintritt frei \/ Kollekte \/ Barbetrieb<\/p>\n\n\n\n<p><strong>26.05.2024 | 11:00<\/strong><br>Bern | Klingendes Museum (Kramgasse 66)<br><strong>Bl\u00e4sermatin\u00e9e der Musikschule K\u00f6niz<\/strong><br>Orgelbegleitung<\/p>\n\n\n\n<p><strong>29.03.2024 | 15:00<\/strong><br>K\u00f6niz | Reformierte Kirche St. Peter und Paul<br><strong><a href=\"https:\/\/www.eliejolliet.ch\/web\/events\/240329-sieben-worte\/\" data-type=\"eap_event\" data-id=\"765\">C\u00e9sar Franck: Die Sieben Worte Jesu am Kreuz<\/a><\/strong><br>ThomasChor K\u00f6niz \u2013 Musik und Wort zur Sterbestunde Jesu<\/p>\n\n\n\n<p><strong>24.01.2024 | 19:00<\/strong><br>K\u00f6niz | Reformierte Kirche St. Peter und Paul<br><strong><a href=\"https:\/\/www.eliejolliet.ch\/web\/wp-content\/uploads\/2024\/01\/240124-Orgelsoiree-MS-Koeniz.pdf\">Soir\u00e9e &amp; Vorspielstunde von Sch\u00fcler*innen der Musikschule K\u00f6niz<\/a><\/strong><\/p>\n\n\n\n<p><strong>17.12.2023 | 16:00<\/strong><br>Liebefeld | Thomaskirche<br><strong><a href=\"https:\/\/www.eliejolliet.ch\/web\/events\/231217-weihnachtsoratorium\/\" data-type=\"eap_event\" data-id=\"689\">Weihnachtsoratorium von H.F. M\u00fcller<\/a><\/strong><br>Adventsmusik des ThomasChors K\u00f6niz<\/p>\n\n\n\n<p><strong>10.11.2023 \u2013 12.11.2023<\/strong><br>Bolligen \/ B\u00fcren a.A. \/ Guggisberg<br><strong><a href=\"https:\/\/www.eliejolliet.ch\/web\/events\/231110ff-e-musicae-gaudio\/\">E Musicae Gaudio \u2013 Kammermusikkonzerte<\/a><\/strong><br>Werke von J.S. Bach, U.W. van Wassenaer, A. Corelli, E. Elgar<\/p>\n\n\n\n<p><strong>29.10.2023 | 19:00<\/strong><br>Wohlen bei Bern | Reformierte Kirche<br><strong><a href=\"https:\/\/www.eliejolliet.ch\/web\/events\/231029-sehnsucht-und-vision\/\" data-type=\"eap_event\" data-id=\"580\">Sehnsucht und Vision<\/a><\/strong><br>Kammermusikkonzert, mit Gabrielle Brunner (Violine) und Ren\u00e9 Camacaro (Violoncello)<\/p>\n\n\n\n<p><strong>30.09.2023 | 16:00<\/strong><br>Berne | \u00c9glise fran\u00e7aise \/ Le CAP<br><strong><a href=\"https:\/\/www.eliejolliet.ch\/web\/events\/230930-culte-musique-et-culture-au-17eme-siecle-gottesdienst-musik-und-kultur-im-17-jahrhundert\/\" data-type=\"eap_event\" data-id=\"534\">Culte, musique et culture au 17\u00e8me si\u00e8cle \u2013 <\/a><\/strong><br><strong><a href=\"https:\/\/www.eliejolliet.ch\/web\/events\/230930-culte-musique-et-culture-au-17eme-siecle-gottesdienst-musik-und-kultur-im-17-jahrhundert\/\" data-type=\"eap_event\" data-id=\"534\">Gottesdienst, Musik und Kultur im 17. Jahrhundert<\/a><\/strong><br>Conf\u00e9rence et atelier \u2013 Vortrag und Atelier<\/p>\n\n\n\n<p><strong>23.09.2023 | 12:00<\/strong><br>Berne | \u00c9glise fran\u00e7aise<br><strong><a href=\"https:\/\/www.eliejolliet.ch\/web\/events\/230923-les-psaumes-de-geneve-au-fil-des-siecles\/\" data-type=\"eap_event\" data-id=\"508\">Les psaumes de Gen\u00e8ve au fil des si\u00e8cles<\/a><\/strong><br>R\u00e9cital d&#8217;orgue dans le cadre des Estivales 2023<\/p>\n\n\n\n<p><strong>31.08.2023 \u2013 03.09.2023<\/strong><br>Bern | Tojo Theater (Reitschule)<br><strong><a href=\"https:\/\/www.eliejolliet.ch\/web\/events\/230831ff-der-kaiser-von-atlantis\/\">Der Kaiser von Atlantis<\/a><\/strong><br>Produktion um die gleichnamige Oper von Viktor Ullmann<\/p>\n\n\n\n<p><strong>01.08.2023 | 19:00<\/strong><br>Bern | Dreifaltigkeitskirche<br><strong><a href=\"https:\/\/www.eliejolliet.ch\/web\/events\/230801-orgelkonzert-am-nationalfeiertag\/\">Orgelkonzert am Nationalfeiertag<\/a><\/strong><br>Werke von Bach, Guilmant, Bo\u00ebllmann, Stamm und Thomas<\/p>\n\n\n\n<p><strong>07.07.2023 | 12:30<\/strong><br>Bern | Heiliggeistkirche<br><strong><a href=\"https:\/\/www.eliejolliet.ch\/web\/events\/230707-unerhorte-bache\/\">Unerh\u00f6rte B\u00e4che<\/a><\/strong><br>Halbst\u00fcndiges Orgelkonzert mit Werken von J.S. Bach im Rahmen der Konzertreihe \u00abOrgelpunkt\u00bb<\/p>\n\n\n\n<p><strong>01.07.2023 | 18:15<\/strong><br>Payerne | Paroissiale<br><strong><a href=\"https:\/\/www.eliejolliet.ch\/web\/events\/230701-recital-dorgue\/\">Variatio delectat<\/a><\/strong><br>R\u00e9cital d&#8217;orgue sur l&#8217;orgue Grob-Ahrend (1787\/1993). \u0152uvres de J.S. Bach, D. Buxtehude, G. B\u00f6hm, D.M. Gronau et J. Pachelbel<\/p>\n\n\n\n<p><strong>25.06.2023 | 17:00<\/strong><br>K\u00f6niz | Reformierte Kirche St. Peter und Paul<br><strong><a href=\"https:\/\/www.eliejolliet.ch\/web\/events\/230625-bunte-erinnerungen\/\">Bunte Erinnerungen<\/a><\/strong><br>Duokonzert mit zwei Tasteninstrumenten \u2013 zusammen mit Ursula Heim (Cembalo\/Orgel)<\/p>\n\n\n\n<p><strong>04.06.2023 | 17:00<\/strong><br>M\u00fcnsingen | Reformierte Kirche<br><strong><a href=\"https:\/\/www.eliejolliet.ch\/web\/events\/230604-orgelrezital-muensingen\/\">Orgelrezital<\/a><\/strong><br>Orgelrezital mit Werken von J.S. Bach im Rahmen der Abendmusiken<\/p>\n\n\n\n<p><strong>26.05.2023 | 18:30<\/strong><br>Brent sur Montreux | Chapelle r\u00e9form\u00e9e<br><strong><a href=\"https:\/\/www.eliejolliet.ch\/web\/events\/230526-parole-et-musique\/\">Parole et Musique<\/a><\/strong><br>M\u00e9ditation musicale<\/p>\n\n\n\n<p><strong>17.05.2023 | 15:00<\/strong><br>Basel | Klaus Linder-Saal der Musik-Akademie Basel<br><strong><a href=\"https:\/\/www.eliejolliet.ch\/web\/events\/230517-horn-woher-kommt-es-was-ist-es-wohin-geht-es\/\">Horn! Woher kommt es? Was ist es? Wohin geht es?<\/a><\/strong><br>Masterrezital von Fausto Oppliger (Horn)<\/p>\n\n\n\n<p><strong>26.04.2023 | ab 18:30<\/strong><br>Liebefeld | Thomaskirche<br><strong><a href=\"https:\/\/www.eliejolliet.ch\/web\/events\/230426-max-regers-choralvorspiele-ostern-auferstehung\/\">Max Regers Choralvorspiele \u2013 Ostern &amp; Auferstehung<\/a><br><\/strong>Offenes Einsingen und Einf\u00fchrung um 18:30 Uhr und Konzert um 19:30 Uhr<\/p>\n\n\n\n<p><strong>22.04.2023 | 18:00<\/strong><br>Gen\u00e8ve | Auditoire Calvin<br><strong><a href=\"https:\/\/www.eliejolliet.ch\/web\/events\/230422-bach-masterworks\/\">Bach Masterworks<\/a><\/strong><br>R\u00e9cital d&#8217;orgue dans le cadre du Festival d&#8217;orgue \u00e0 l&#8217;Auditoire de Calvin<\/p>\n\n\n\n<p><strong>19.04.2023 | 19:00<\/strong><br>Langenthal | Reformierte Kirche Geissberg<br><strong><a href=\"https:\/\/www.eliejolliet.ch\/web\/events\/230419-singet-dem-herrn-ein-neues-lied\/\">Singet dem Herrn ein neues Lied<\/a><\/strong><br>Konzert mit dem Vokalensemble Voce umana, im Rahmen der Langenthaler Kulturreihe \u00abhora cultura\u00bb<\/p>\n\n\n\n<p><strong>09.04.2023 | 10:00<\/strong><br>K\u00f6niz | Reformierte Kirche St. Peter und Paul<br><strong><a href=\"https:\/\/www.eliejolliet.ch\/web\/events\/erschienen-ist-der-herrlich-tag\/\">Erschienen ist der herrlich Tag<\/a><br><\/strong>Ostermatin\u00e9e mit dem ThomasChor K\u00f6niz und Matteo Pastorello (Orgel)<\/p>\n\n\n\n<p><strong>07.04.2023 | 19:30<\/strong><br>Luzern | Jesuitenkirche<br><strong><a href=\"https:\/\/www.eliejolliet.ch\/web\/events\/230407-cesar-franck-die-sieben-worte-jesu-am-kreuz\/\">C\u00e9sar Franck: Die Sieben Worte Jesu am Kreuz<\/a><br><\/strong>Meditation zum Karfreitag mit dem Collegium Musicum Luzern<\/p>\n\n\n\n<p><strong>05.04.2023 | 18:30<\/strong><br>Liebefeld | Thomaskirche<br><strong><a href=\"https:\/\/www.eliejolliet.ch\/web\/events\/230405-o-haupt-voll-blut-und-wunden-orgelmusik-zur-passion\/\">O Haupt, voll Blut und Wunden \u2013 Orgelmusik zur Passion<\/a><br><\/strong>Orgelsonaten von Mendelssohn\/Lutz und van Eijken<\/p>\n\n\n\n<p><strong>03.04.2023 | 18:30<\/strong><br>K\u00f6niz | Reformierte Kirche St. Peter und Paul<br><strong><a href=\"https:\/\/www.eliejolliet.ch\/web\/events\/230403-praeludium-triosonate-und-fuge-orgelmusik-zur-passion\/\">Praeludium, Triosonate und Fuge \u2013 Orgelmusik zur Passion<\/a><br><\/strong>J.S. Bachs \u00abGrosse e-Moll\u00bb (BWV 548), in der Mitte um eine Triosonate (BWV 528) erweitert<\/p>\n\n\n\n<p><strong>22.01.2023 | 17:00<\/strong><br>Bern | Konservatorium, Grosser Saal<br><strong><a href=\"https:\/\/www.eliejolliet.ch\/web\/events\/230120-barockkonzert\/\" data-type=\"eap_event\" data-id=\"350\">Barockkonzert<\/a><\/strong><br>Abschlusskonzert des Kurses \u00abBarocke Orchestermusik\u00bb<\/p>\n\n\n\n<p><strong>01.01.2023 | ab 16:00<\/strong><br>Liebefeld | Thomaskirche<br><strong><a href=\"https:\/\/www.eliejolliet.ch\/web\/events\/230101-vesper-und-minifestival-zum-abschied\/\" data-type=\"eap_event\" data-id=\"348\">Vesper und Minifestival zum Abschied<\/a><\/strong><br>Verabschiedung von Kirchenmusiker Elie Jolliet mit einer Vesper um 16 Uhr und Kurzkonzerten zwischen ca. 17 und 22 Uhr<\/p>\n","protected":false},"excerpt":{"rendered":"<p>01.04.2026 | 19:00Z\u00fcrich | Stadtkirche St. PeterErforsche mich, Gott, und erfahre mein HerzPassionsandacht mit der Kantorei St. Peter. Bachkantate BWV 136 29.03.2026 | 18:30Liebefeld | ThomaskircheAus tiefer Not schrei ich zu dirOrgelmusik zur Passion 08.02.2026 | 17:00K\u00f6niz | Reformierte KircheTriosonaten&#8222;Int\u00e9grale&#8220; der Bach-Triosonaten zum Jubil\u00e4um der Bossart-Orgel in der ref. Kirche K\u00f6niz (40 Jahre Restauration) 30.01.2026&hellip;<\/p>\n","protected":false},"author":1,"featured_media":230,"parent":24,"menu_order":0,"comment_status":"closed","ping_status":"closed","template":"","meta":{"footnotes":""},"class_list":["post-162","page","type-page","status-publish","has-post-thumbnail","hentry"],"jetpack_sharing_enabled":true,"_links":{"self":[{"href":"https:\/\/www.eliejolliet.ch\/web\/wp-json\/wp\/v2\/pages\/162","targetHints":{"allow":["GET"]}}],"collection":[{"href":"https:\/\/www.eliejolliet.ch\/web\/wp-json\/wp\/v2\/pages"}],"about":[{"href":"https:\/\/www.eliejolliet.ch\/web\/wp-json\/wp\/v2\/types\/page"}],"author":[{"embeddable":true,"href":"https:\/\/www.eliejolliet.ch\/web\/wp-json\/wp\/v2\/users\/1"}],"replies":[{"embeddable":true,"href":"https:\/\/www.eliejolliet.ch\/web\/wp-json\/wp\/v2\/comments?post=162"}],"version-history":[{"count":71,"href":"https:\/\/www.eliejolliet.ch\/web\/wp-json\/wp\/v2\/pages\/162\/revisions"}],"predecessor-version":[{"id":1344,"href":"https:\/\/www.eliejolliet.ch\/web\/wp-json\/wp\/v2\/pages\/162\/revisions\/1344"}],"up":[{"embeddable":true,"href":"https:\/\/www.eliejolliet.ch\/web\/wp-json\/wp\/v2\/pages\/24"}],"wp:featuredmedia":[{"embeddable":true,"href":"https:\/\/www.eliejolliet.ch\/web\/wp-json\/wp\/v2\/media\/230"}],"wp:attachment":[{"href":"https:\/\/www.eliejolliet.ch\/web\/wp-json\/wp\/v2\/media?parent=162"}],"curies":[{"name":"wp","href":"https:\/\/api.w.org\/{rel}","templated":true}]}}