{"id":24,"date":"2023-02-02T01:00:10","date_gmt":"2023-02-02T01:00:10","guid":{"rendered":"https:\/\/www.eliejolliet.ch\/web\/?page_id=24"},"modified":"2026-04-15T12:30:15","modified_gmt":"2026-04-15T12:30:15","slug":"agenda","status":"publish","type":"page","link":"https:\/\/www.eliejolliet.ch\/web\/","title":{"rendered":"Agenda"},"content":{"rendered":"\n<p><em>Grunds\u00e4tzlich h\u00f6ren Sie mich jeden Samstag um 17 Uhr bei <a href=\"https:\/\/www.st-peter-zh.ch\/-4\/home~2650\/-aktuell-artikel~3306\/petrina-at-five\/93368\/\" target=\"_blank\" rel=\"noreferrer noopener\">\u00abPetrina at five\u00bb<\/a> in der <a href=\"https:\/\/www.st-peter-zh.ch\/-5\/kalender~2651\/\" target=\"_blank\" rel=\"noreferrer noopener\">Stadtkirche St. Peter<\/a> in Z\u00fcrich (au\u00dfer jeweils am 4. Samstag im Monat).<\/em><\/p>\n\n\n\n<p><strong>07.06.2026 | 17:00<\/strong><br>Z\u00fcrich | Stadtkirche St. Peter<br><strong>Begr\u00fcssungskonzert<\/strong><br>Orgelrezital als neuer Organist der Stadtkirche St. Peter<\/p>\n\n\n\n<p><strong>05.07.2026 | 17:00 <\/strong><br>Bern | Pauluskirche<br><strong><a href=\"https:\/\/paulus.refbern.ch\/de\/agenda\/max-reger-saemtliche-choralphantasien-fuer-orgel-4007x.html?date=46718\" target=\"_blank\" rel=\"noreferrer noopener\">Halleluja, Gott zu loben<\/a><\/strong><br>Werkeinf\u00fchrung zur Reger-Fantasie im Rahmen des Zyklus von Lee Stalder<\/p>\n\n\n\n<p><strong>19.09.2026 | 17:00<\/strong><br>K\u00f6niz | Innenhof Pfarreizentrum St. Josef<br><strong>Bruckner: Messe Nr. 2 in e-Moll <\/strong><br>Konzert des ThomasChors K\u00f6niz und des Kirchenchors St. Josef mit Bl\u00e4serensemble ad hoc<br><\/p>\n\n\n\n<p><strong>08.11.2026 | 17:00 <\/strong><br>Wabern | Reformierte Kirche<br><strong>Wiedereinweihung der grossen Kuhn-Orgel<\/strong><br>Orgelkonzert zu dritt, mit Thomas Leutenegger und Matteo Pastorello<\/p>\n\n\n\n<p><strong>20.12.2026 | 16:00<\/strong><br>K\u00f6niz | Reformierte Kirche St. Peter und Paul<br><strong>Adventsmusik des ThomasChors K\u00f6niz<\/strong><br><em>Details folgen&#8230;<\/em><\/p>\n\n\n\n<p><strong>14.02.2027 | nachmittags<\/strong><br>Liebefeld | Thomaskirche<br><strong>Mini-Festival zum 60-Jahre-Jubil\u00e4um der Kuhn-\/W\u00e4lti-Orgel<\/strong><br><em>Details folgen&#8230;<\/em><br><\/p>\n","protected":false},"excerpt":{"rendered":"<p>Grunds\u00e4tzlich h\u00f6ren Sie mich jeden Samstag um 17 Uhr bei \u00abPetrina at five\u00bb in der Stadtkirche St. Peter in Z\u00fcrich (au\u00dfer jeweils am 4. Samstag im Monat). 07.06.2026 | 17:00Z\u00fcrich | Stadtkirche St. PeterBegr\u00fcssungskonzertOrgelrezital als neuer Organist der Stadtkirche St. Peter 05.07.2026 | 17:00 Bern | PauluskircheHalleluja, Gott zu lobenWerkeinf\u00fchrung zur Reger-Fantasie im Rahmen des&hellip;<\/p>\n","protected":false},"author":1,"featured_media":237,"parent":0,"menu_order":0,"comment_status":"closed","ping_status":"closed","template":"","meta":{"footnotes":""},"class_list":["post-24","page","type-page","status-publish","has-post-thumbnail","hentry"],"jetpack_sharing_enabled":true,"_links":{"self":[{"href":"https:\/\/www.eliejolliet.ch\/web\/wp-json\/wp\/v2\/pages\/24","targetHints":{"allow":["GET"]}}],"collection":[{"href":"https:\/\/www.eliejolliet.ch\/web\/wp-json\/wp\/v2\/pages"}],"about":[{"href":"https:\/\/www.eliejolliet.ch\/web\/wp-json\/wp\/v2\/types\/page"}],"author":[{"embeddable":true,"href":"https:\/\/www.eliejolliet.ch\/web\/wp-json\/wp\/v2\/users\/1"}],"replies":[{"embeddable":true,"href":"https:\/\/www.eliejolliet.ch\/web\/wp-json\/wp\/v2\/comments?post=24"}],"version-history":[{"count":260,"href":"https:\/\/www.eliejolliet.ch\/web\/wp-json\/wp\/v2\/pages\/24\/revisions"}],"predecessor-version":[{"id":1347,"href":"https:\/\/www.eliejolliet.ch\/web\/wp-json\/wp\/v2\/pages\/24\/revisions\/1347"}],"wp:featuredmedia":[{"embeddable":true,"href":"https:\/\/www.eliejolliet.ch\/web\/wp-json\/wp\/v2\/media\/237"}],"wp:attachment":[{"href":"https:\/\/www.eliejolliet.ch\/web\/wp-json\/wp\/v2\/media?parent=24"}],"curies":[{"name":"wp","href":"https:\/\/api.w.org\/{rel}","templated":true}]}}