{"id":3,"date":"2023-02-02T01:34:11","date_gmt":"2023-02-02T01:34:11","guid":{"rendered":"https:\/\/www.eliejolliet.ch\/web\/?page_id=3"},"modified":"2024-06-02T05:58:07","modified_gmt":"2024-06-02T05:58:07","slug":"datenschutz","status":"publish","type":"page","link":"https:\/\/www.eliejolliet.ch\/web\/datenschutz\/","title":{"rendered":"Impressum &#038; Datenschutz"},"content":{"rendered":"\n<h5 class=\"wp-block-heading\">Angaben gem\u00e4\u00df Art. 3 Abs. 1 lit. s UWG<\/h5>\n\n\n\n<p>Inhaberin dieser Webseite ist folgende Einzelfirma: <br>Elie Jolliet, S\u00e4gestrasse 76, CH\u20133098 K\u00f6niz<br>UID CHE-404.848.238<\/p>\n\n\n\n<p>Diese ist per Post (s.o.), Telefon oder Mail erreichbar: <br>+41 76 503 11 05 \/ contact[at]eliejolliet.ch<\/p>\n\n\n\n<h5 class=\"wp-block-heading\">Haftungsausschluss<\/h5>\n\n\n\n<p>Wir \u00fcbernehmen keinerlei Gew\u00e4hr f\u00fcr inhaltliche Richtigkeit, Genauigkeit, Aktualit\u00e4t, Zuverl\u00e4ssigkeit und Vollst\u00e4ndigkeit der Informationen. Haftungsanspr\u00fcche wegen allf\u00e4lliger Sch\u00e4den, welche aus dem Zugriff oder der Nutzung bzw. Nichtnutzung dieser Seite entstehen, werden ausgeschlossen.<\/p>\n\n\n\n<p><strong>Haftung f\u00fcr Urheberrechtsverletzungen: <\/strong>Eine diesbez\u00fcgliche Haftung ist erst ab dem Zeitpunkt der Kenntnis einer konkreten Rechtsverletzung m\u00f6glich. Bei Bekanntwerden von entsprechenden Rechtsverletzungen werden wir diese Inhalte umgehend entfernen.<\/p>\n\n\n\n<p><strong>Haftung f\u00fcr Links: <\/strong>Verweise und Links auf Webseiten Dritter liegen ausserhalb unseres Verantwortungsbereichs \u2013 jegliche Verantwortung f\u00fcr solche Webseiten wird ausdr\u00fccklich abgelehnt. Der Zugriff und die Nutzung verlinkter Webseiten erfolgen auf eigene Gefahr.<\/p>\n\n\n\n<p><strong>Urheberrechte: <\/strong>Inhalte, Bilder oder andere Dateien unterliegen dem schweizerischen Urheberrecht. F\u00fcr die Reproduktion jeglicher Elemente ist die schriftliche Zustimmung der Urheberrechtstr\u00e4ger im Voraus einzuholen. Downloads und Kopien dieser Seite sind nur f\u00fcr den privaten, nicht kommerziellen Gebrauch gestattet.<\/p>\n\n\n\n<h5 class=\"wp-block-heading\">Streitschlichtung<\/h5>\n\n\n\n<p>Wir sind nicht bereit oder verpflichtet, an Streitbeilegungsverfahren vor einer<br>Schlichtungsstelle teilzunehmen.<\/p>\n\n\n\n<h5 class=\"wp-block-heading\">Verwendung von Cookies<\/h5>\n\n\n\n<p>Beim Besuch dieser Webseite in vorgesehener Weise werden wenige Cookies verwendet:<\/p>\n\n\n\n<ul class=\"wp-block-list\">\n<li><strong>YouTube<\/strong><br>Auf dieser Webseite werden Cookies von YouTube eingesetzt. Dies ist f\u00fcr Sie jeweils durch eingebettete Videos ersichtlich. Diese Elemente sind so konfiguriert, dass sie standardm\u00e4ssig deaktiviert sind. Aktivieren Sie sie (durch Anklicken), kann der Betreiber registrieren, dass Sie auf dieseWebsite sind und wo und k\u00f6nnen diese Informationen f\u00fcr ihre Zwecke nutzen. Die Bearbeitung Ihrer Personendaten erfolgt dann in Verantwortung dieses Betreibers nach dessen <a href=\"https:\/\/policies.google.com\/privacy\">Datenschutzbestimmungen<\/a>. Es werden keine Angaben zu Ihnen zur\u00fcck \u00fcbermittelt.<\/li>\n\n\n\n<li><strong>WordPress Cookies<\/strong>:<br>Diese Cookies sammeln Informationen, die verwendet werden, um<br>zu verstehen, wie diese Website genutzt wird.<\/li>\n<\/ul>\n\n\n\n<p>Sollten Sie Cookies deaktivieren, ist es m\u00f6glich, dass einzelne Funktionen (z.B. das Abspielen von eingebetteten YouTube-Videos) nicht fehlerhaft oder gar nicht ausf\u00fchrbar sind.<\/p>\n\n\n\n<p>Da diese Webseite weder Kommentare zul\u00e4sst noch f\u00fcr G\u00e4ste eine Login-Funktion vorsieht, werden diesbez\u00fcgliche Cookies, die dem Login-Prozess und dessen Sicherheit dienen, hier nicht erw\u00e4hnt. Eine ausf\u00fchrliche Liste mit technischen Details k\u00f6nnen Sie <a href=\"https:\/\/www.eliejolliet.ch\/web\/wp-content\/uploads\/2024\/03\/Use-of-cookies-on-eliejolliet.ch_20240310.pdf\" target=\"_blank\" rel=\"noreferrer noopener\">hier<\/a> herunterladen.<\/p>\n","protected":false},"excerpt":{"rendered":"<p>Angaben gem\u00e4\u00df Art. 3 Abs. 1 lit. s UWG Inhaberin dieser Webseite ist folgende Einzelfirma: Elie Jolliet, S\u00e4gestrasse 76, CH\u20133098 K\u00f6nizUID CHE-404.848.238 Diese ist per Post (s.o.), Telefon oder Mail erreichbar: +41 76 503 11 05 \/ contact[at]eliejolliet.ch Haftungsausschluss Wir \u00fcbernehmen keinerlei Gew\u00e4hr f\u00fcr inhaltliche Richtigkeit, Genauigkeit, Aktualit\u00e4t, Zuverl\u00e4ssigkeit und Vollst\u00e4ndigkeit der Informationen. Haftungsanspr\u00fcche wegen&hellip;<\/p>\n","protected":false},"author":1,"featured_media":0,"parent":0,"menu_order":0,"comment_status":"closed","ping_status":"open","template":"","meta":{"footnotes":""},"class_list":["post-3","page","type-page","status-publish","hentry"],"jetpack_sharing_enabled":true,"_links":{"self":[{"href":"https:\/\/www.eliejolliet.ch\/web\/wp-json\/wp\/v2\/pages\/3","targetHints":{"allow":["GET"]}}],"collection":[{"href":"https:\/\/www.eliejolliet.ch\/web\/wp-json\/wp\/v2\/pages"}],"about":[{"href":"https:\/\/www.eliejolliet.ch\/web\/wp-json\/wp\/v2\/types\/page"}],"author":[{"embeddable":true,"href":"https:\/\/www.eliejolliet.ch\/web\/wp-json\/wp\/v2\/users\/1"}],"replies":[{"embeddable":true,"href":"https:\/\/www.eliejolliet.ch\/web\/wp-json\/wp\/v2\/comments?post=3"}],"version-history":[{"count":36,"href":"https:\/\/www.eliejolliet.ch\/web\/wp-json\/wp\/v2\/pages\/3\/revisions"}],"predecessor-version":[{"id":788,"href":"https:\/\/www.eliejolliet.ch\/web\/wp-json\/wp\/v2\/pages\/3\/revisions\/788"}],"wp:attachment":[{"href":"https:\/\/www.eliejolliet.ch\/web\/wp-json\/wp\/v2\/media?parent=3"}],"curies":[{"name":"wp","href":"https:\/\/api.w.org\/{rel}","templated":true}]}}